{"id":3,"date":"2019-09-18T15:39:37","date_gmt":"2019-09-18T13:39:37","guid":{"rendered":"http:\/\/naxe.fr\/?page_id=3"},"modified":"2021-06-23T14:48:19","modified_gmt":"2021-06-23T12:48:19","slug":"politique-de-confidentialite","status":"publish","type":"page","link":"https:\/\/naxe.fr\/en\/politique-de-confidentialite\/","title":{"rendered":"Mentions L\u00e9gales"},"content":{"rendered":"<h1 class=\"wp-block-heading\">Mentions L\u00e9gales<\/h1>\n\n\n\n<p>L\u2019adresse de notre site Web est&nbsp;: https:\/\/naxe.fr.<\/p>\n\n\n\n<p>Naxe s&#8217;engage aupr\u00e8s de vous, visiteurs et clients de notre site, afin de vous garantir la confidentialit\u00e9 des informations personnelles que vous nous fournissez.<\/p>\n\n\n\n<p>Le pr\u00e9sent site est \u00e9dit\u00e9 par :<br>Naxe, SAS, au capital de 10500 euros<br>immatricul\u00e9e&nbsp; au Registre du Commerce&nbsp; et des Soci\u00e9t\u00e9s d&#8217;Albi sous&nbsp; le num\u00e9ro 878 727 122,<br>dont&nbsp; le&nbsp; si\u00e8ge&nbsp; social&nbsp; est&nbsp; situ\u00e9&nbsp;2 ZA de Douzil route de Cadalen, 81600 Brens,<br>num\u00e9ro TVA intracommunautaire FR59 878 727 122.<\/p>\n\n\n\n<p>Le directeur de la publication du site Internet est Monsieur Fortel Jordan en qualit\u00e9 de Pr\u00e9sident.<\/p>\n\n\n\n<p>L\u2019h\u00e9bergeur du site est OVH SAS, 2 rue Kellermann, Roubaix, France<\/p>\n\n\n\n<h2 class=\"wp-block-heading\">Protection des donn\u00e9es personnelles <\/h2>\n\n\n\n<p>En application de la loi Informatique et Libert\u00e9s du 6 janvier 1978, vous disposez d&#8217;un droit d&#8217;acc\u00e8s, de modification, de rectification et de suppression des donn\u00e9es vous concernant. Vous pouvez exercer ce droit en nous envoyant un courrier \u00e0 l&#8217;adresse suivante : Naxe SAS &#8211; 2 ZA de douzil route de cadalen &#8211; 81600 Brens.<\/p>\n\n\n\n<p>Vous pouvez \u00e9galement consulter ou modifier vos donn\u00e9es personnelles dans &#8220;Compte&#8221;.<\/p>\n\n\n\n<p>Par notre interm\u00e9diaire, vous pouvez \u00eatre amen\u00e9 \u00e0 recevoir des offres commerciales d&#8217;autres soci\u00e9t\u00e9s par courrier postal ou t\u00e9l\u00e9phone. Si vous ne le souhaitez pas, il vous suffit de nous \u00e9crire \u00e0 Naxe SAS &#8211; 2 ZA de douzil route de cadalen &#8211; 81600 Brens, ou bien par mail \u00e0 contact@naxe.fr<\/p>\n\n\n\n<h2 class=\"wp-block-heading\">Cookies<\/h2>\n\n\n\n<p>Le cookie est un enregistrement d&#8217;informations d\u00e9pos\u00e9 par&nbsp;Naxe sur votre ordinateur afin de simplifier votre navigation sur le site.&nbsp;<br>Gr\u00e2ce \u00e0 lui, vous pouvez par exemple b\u00e9n\u00e9ficier de nos conseils personnalis\u00e9s ou m\u00e9moriser les articles de votre panier avant de poursuivre vos achats.<\/p>\n\n\n\n<p>Le but pour nous est de r\u00e9aliser des statistiques sur la fr\u00e9quentation de notre site (origine de la visite, pages consult\u00e9es, date et heure de la consultation&#8230;) et de pouvoir vous proposer des offres adapt\u00e9es \u00e0 vos attentes.<\/p>\n\n\n\n<p>Ces cookies sont anonymes : ils ne nous permettent pas de vous identifier dans la mesure o\u00f9 ils d\u00e9pendent de la machine et non pas de la personne qui utilise la machine. Ils ne sont accessibles que par vous et par Naxe. Ils ne peuvent pas contenir de virus.<\/p>\n\n\n\n<p>Vous pouvez vous opposer \u00e0 l&#8217;enregistrement de &#8220;cookies&#8221;, en configurant votre navigateur<\/p>\n\n\n\n<h2 class=\"wp-block-heading\">Propri\u00e9t\u00e9s intellectuelles<\/h2>\n\n\n\n<p>L\u2019ensemble du contenu du site Naxe (illustrations, textes, libell\u00e9s, marques, images, vid\u00e9os) est la propri\u00e9t\u00e9 de Naxe SAS, de ses cocontractants ou partenaires. Toute reproduction partielle ou totale du contenu du Site naxe.fr  par quelque proc\u00e9d\u00e9 que ce soit et sur n\u2019importe quel support est soumise \u00e0 une autorisation pr\u00e9alable et expresse de Naxe SAS.<\/p>\n\n\n\n<p>Toutes les informations, les contenus, les dossiers et les logiciels fournis sur le Site Naxe sont prot\u00e9g\u00e9s par les lois fran\u00e7aises et internationales concernant la propri\u00e9t\u00e9 intellectuelle et le copyright.<\/p>\n\n\n\n<p>Naxe n\u2019autorise pas la reproduction, la repr\u00e9sentation, la copie, l\u2019affichage ou la distribution de tout contenu pour lequel l\u2019utilisateur du site naxe.fr ne poss\u00e8de pas de droits de propri\u00e9t\u00e9 intellectuelle. Toute utilisation sans autorisation de ces contenus en fraude aux droits d\u00e9tenus par Naxe et\/ou par des tiers sur ceux-ci est susceptible de constituer le d\u00e9lit de contrefa\u00e7on, s\u00e9v\u00e8rement sanctionn\u00e9 par le Code de la Propri\u00e9t\u00e9 Intellectuelle.<\/p>\n\n\n\n<p>Naxe ne saurait en aucun cas \u00eatre tenue pour responsable de la violation par un utilisateur du site Naxe de droits d\u00e9tenus par des tiers et perp\u00e9tr\u00e9e \u00e0 raison des activit\u00e9s de l\u2019utilisateur sur le site naxe.fr<\/p>\n\n\n\n<h2 class=\"wp-block-heading\">Informations de contact<\/h2>\n\n\n\n<p>La soci\u00e9t\u00e9 Naxe peut \u00eatre contact\u00e9 pour n&#8217;importe quel motif, <\/p>\n\n\n\n<p>Par mail :<br>contact@naxe.fr<\/p>\n\n\n\n<p>Par courrier :<br>Naxe SAS, 2 ZA de Douzil route de cadalen &#8211; 81600 Brens<\/p>\n\n\n\n<p>Par t\u00e9l\u00e9phone :<br>0685094466<\/p>\n\n\n\n<p><br><strong>Monday to Friday, from 9 AM to 12 PM and 2 PM to 6 PM.<\/strong><\/p>\n\n\n\n<h2 class=\"wp-block-heading\"><\/h2>","protected":false},"excerpt":{"rendered":"<p>Mentions L\u00e9gales L\u2019adresse de notre site Web est&nbsp;: https:\/\/naxe.fr. Naxe s&#8217;engage aupr\u00e8s de vous, visiteurs et clients de notre site, afin de vous garantir la confidentialit\u00e9 des informations personnelles que vous nous fournissez. Le pr\u00e9sent site est \u00e9dit\u00e9 par :Naxe, SAS, au capital de 10500 eurosimmatricul\u00e9e&nbsp; au Registre du Commerce&nbsp; et des Soci\u00e9t\u00e9s d&#8217;Albi sous&nbsp; [&hellip;]<\/p>","protected":false},"author":1,"featured_media":0,"parent":0,"menu_order":0,"comment_status":"closed","ping_status":"open","template":"","meta":{"site-sidebar-layout":"no-sidebar","site-content-layout":"default","ast-site-content-layout":"","site-content-style":"default","site-sidebar-style":"default","ast-global-header-display":"","ast-banner-title-visibility":"","ast-main-header-display":"","ast-hfb-above-header-display":"","ast-hfb-below-header-display":"","ast-hfb-mobile-header-display":"","site-post-title":"disabled","ast-breadcrumbs-content":"","ast-featured-img":"","footer-sml-layout":"disabled","theme-transparent-header-meta":"disabled","adv-header-id-meta":"","stick-header-meta":"","header-above-stick-meta":"","header-main-stick-meta":"","header-below-stick-meta":"","astra-migrate-meta-layouts":"default","ast-page-background-enabled":"default","ast-page-background-meta":{"desktop":{"background-color":"var(--ast-global-color-4)","background-image":"","background-repeat":"repeat","background-position":"center center","background-size":"auto","background-attachment":"scroll","background-type":"","background-media":"","overlay-type":"","overlay-color":"","overlay-opacity":"","overlay-gradient":""},"tablet":{"background-color":"","background-image":"","background-repeat":"repeat","background-position":"center center","background-size":"auto","background-attachment":"scroll","background-type":"","background-media":"","overlay-type":"","overlay-color":"","overlay-opacity":"","overlay-gradient":""},"mobile":{"background-color":"","background-image":"","background-repeat":"repeat","background-position":"center center","background-size":"auto","background-attachment":"scroll","background-type":"","background-media":"","overlay-type":"","overlay-color":"","overlay-opacity":"","overlay-gradient":""}},"ast-content-background-meta":{"desktop":{"background-color":"var(--ast-global-color-5)","background-image":"","background-repeat":"repeat","background-position":"center center","background-size":"auto","background-attachment":"scroll","background-type":"","background-media":"","overlay-type":"","overlay-color":"","overlay-opacity":"","overlay-gradient":""},"tablet":{"background-color":"var(--ast-global-color-5)","background-image":"","background-repeat":"repeat","background-position":"center center","background-size":"auto","background-attachment":"scroll","background-type":"","background-media":"","overlay-type":"","overlay-color":"","overlay-opacity":"","overlay-gradient":""},"mobile":{"background-color":"var(--ast-global-color-5)","background-image":"","background-repeat":"repeat","background-position":"center center","background-size":"auto","background-attachment":"scroll","background-type":"","background-media":"","overlay-type":"","overlay-color":"","overlay-opacity":"","overlay-gradient":""}},"footnotes":""},"class_list":["post-3","page","type-page","status-publish","hentry"],"_links":{"self":[{"href":"https:\/\/naxe.fr\/en\/wp-json\/wp\/v2\/pages\/3","targetHints":{"allow":["GET"]}}],"collection":[{"href":"https:\/\/naxe.fr\/en\/wp-json\/wp\/v2\/pages"}],"about":[{"href":"https:\/\/naxe.fr\/en\/wp-json\/wp\/v2\/types\/page"}],"author":[{"embeddable":true,"href":"https:\/\/naxe.fr\/en\/wp-json\/wp\/v2\/users\/1"}],"replies":[{"embeddable":true,"href":"https:\/\/naxe.fr\/en\/wp-json\/wp\/v2\/comments?post=3"}],"version-history":[{"count":6,"href":"https:\/\/naxe.fr\/en\/wp-json\/wp\/v2\/pages\/3\/revisions"}],"predecessor-version":[{"id":3999,"href":"https:\/\/naxe.fr\/en\/wp-json\/wp\/v2\/pages\/3\/revisions\/3999"}],"wp:attachment":[{"href":"https:\/\/naxe.fr\/en\/wp-json\/wp\/v2\/media?parent=3"}],"curies":[{"name":"wp","href":"https:\/\/api.w.org\/{rel}","templated":true}]}}