{"id":165,"date":"2020-04-09T11:29:29","date_gmt":"2020-04-09T09:29:29","guid":{"rendered":"https:\/\/naxe.fr\/?page_id=165"},"modified":"2025-02-17T09:45:49","modified_gmt":"2025-02-17T08:45:49","slug":"conditions-generales-de-ventes","status":"publish","type":"page","link":"https:\/\/naxe.fr\/en\/conditions-generales-de-ventes\/","title":{"rendered":"CGV"},"content":{"rendered":"<h2 class=\"wp-block-heading\"><strong>Conditions g\u00e9n\u00e9rales de ventes<\/strong><\/h2>\n\n\n\n<h4 class=\"wp-block-heading\"><strong>Naxe offre les services de ventes en ligne selon les conditions d\u00e9crites dans cette section.<\/strong><\/h4>\n\n\n\n<p>Vous souhaitez acqu\u00e9rir un bien propos\u00e9 \u00e0 la vente sur le site&nbsp;<a href=\"https:\/\/naxe.fr\/en\/\">www.naxe.fr<\/a>&nbsp;exploit\u00e9 par la soci\u00e9t\u00e9 Naxe, SAS au capital de 10 500 euros dont le si\u00e8ge social est situ\u00e9 2 ZA de Douzil route de Cadalen (RCS Albi 878 727&nbsp;122), \u00e9tant pr\u00e9cis\u00e9 que la soci\u00e9t\u00e9 peut \u00eatre jointe par email \u00e0 l\u2019adresse suivante&nbsp;:&nbsp;<a href=\"mailto:contact@naxe.fr\">contact@naxe.fr<\/a> figurant sur la page d\u2019accueil du site.<\/p>\n\n\n\n<p>Les pr\u00e9sentes\nconditions viennent r\u00e9gir les relations entre la soci\u00e9t\u00e9 Naxe SAS et le Client\n(personne ayant la qualit\u00e9 de consommateur et proc\u00e9dant \u00e0 l\u2019achat de biens ou\nde services par le biais de ce site). Elles ont pour objet de d\u00e9finir les\ndroits et obligations des parties dans le cadre de la vente en ligne des\nproduits propos\u00e9s par la soci\u00e9t\u00e9 Naxe au Client.<\/p>\n\n\n\n<p>Il est pr\u00e9alablement\npr\u00e9cis\u00e9 que le vendeur se r\u00e9serve le droit de modifier \u00e0 tout moment les\npr\u00e9sentes conditions g\u00e9n\u00e9rales de vente en publiant une nouvelle version sur le\nSite. Les conditions g\u00e9n\u00e9rales de vente \u00e9tant celles en vigueur \u00e0 la date de\nvalidation de la commande.<\/p>\n\n\n\n<p>Les pr\u00e9sentes Conditions G\u00e9n\u00e9rales sont tenues \u00e0 la disposition de toute personne qui en fait la demande. Elles sont disponibles et t\u00e9l\u00e9chargeables sur le site&nbsp;<a href=\"https:\/\/naxe.fr\/en\/\">www.naxe.fr<\/a><\/p>\n\n\n\n<p>Les caract\u00e9ristiques et les tarifs des biens vendus figurent dans le Catalogue mis en ligne sur le site&nbsp; <a href=\"https:\/\/naxe.fr\/en\/\">www.naxe.fr<\/a> <\/p>\n\n\n\n<p>La soci\u00e9t\u00e9 Naxe SAS ne\nserait \u00eatre tenu pour responsable des dommages r\u00e9sultants de la mauvaise\nutilisation du mat\u00e9riel vendu par le client, ou encore li\u00e9s \u00e0 la transgression\nde droits d&#8217;auteurs et\/ou de propri\u00e9t\u00e9s intellectuelles d&#8217;une tierce partie en\nlien avec l&#8217;utilisation dudit mat\u00e9riel ou des informations figurant sur le\nsite.<\/p>\n\n\n\n<p>Il est rappel\u00e9 qu\u2019une mauvaise utilisation dans une application, dans un appareillage ou un syst\u00e8me m\u00e9dical, dans tout dispositif domestique, commercial ou industriel o\u00f9 une erreur d&#8217;op\u00e9ration pourrait conduire \u00e0 une blessure grave ou m\u00eame la mort d&#8217;un \u00eatre humain ou d&#8217;un animal.<\/p>\n\n\n\n<h4 class=\"wp-block-heading\"><strong>Article 1 &#8211;\nApplication des Conditions G\u00e9n\u00e9rales<\/strong><\/h4>\n\n\n\n<p>Les pr\u00e9sentes\nConditions G\u00e9n\u00e9rales de Vente sont r\u00e9serv\u00e9es aux seuls consommateurs, au sens\nqu&#8217;en donnent la loi et la jurisprudence, agissant exclusivement pour leur\npropre compte.<\/p>\n\n\n\n<p>Conform\u00e9ment aux&nbsp;articles L.&nbsp;111-1 et L.&nbsp;111-3 du Code de la consommation, les caract\u00e9ristiques essentielles et les prix des Services vendus par voie \u00e9lectronique sont disponibles sur le Site&nbsp;<a href=\"https:\/\/naxe.fr\/en\/\">www.naxe.fr<\/a>.<\/p>\n\n\n\n<p>Par ailleurs, le Client re\u00e7oit les informations pr\u00e9vues aux&nbsp;articles L.&nbsp;121-8 et L.&nbsp;121-19 du Code de la consommation, pr\u00e9alablement et post\u00e9rieurement \u00e0 la conclusion de la vente et notamment au moyen des pr\u00e9sentes Conditions G\u00e9n\u00e9rales de Vente.<\/p>\n\n\n\n<p>Les pr\u00e9sentes\nConditions G\u00e9n\u00e9rales de Vente sont applicables \u00e0 toutes les ventes de biens par\nla soci\u00e9t\u00e9 Naxe intervenues par le biais du Site&nbsp;<a href=\"https:\/\/naxe.fr\/en\/\">www.naxe.fr<\/a> ou par un autre biais.<\/p>\n\n\n\n<p>Le Client d\u00e9clare\navoir pris connaissance des pr\u00e9sentes Conditions G\u00e9n\u00e9rales de Vente avant la\nValidation de sa commande au sens de l&#8217;Article 2. La Validation de sa commande\nvaut donc acceptation sans restriction ni r\u00e9serve des pr\u00e9sentes Conditions\nG\u00e9n\u00e9rales de Vente.<\/p>\n\n\n\n<p>Les pr\u00e9sentes conditions r\u00e9gissent uniquement les relations entre le Prestataire et le Client. Etant pr\u00e9cis\u00e9 que le Prestataire se r\u00e9serve le droit de modifier \u00e0 tout moment les pr\u00e9sentes conditions g\u00e9n\u00e9rales de vente en publiant une nouvelle version sur le Site. Les conditions g\u00e9n\u00e9rales de vente sont celles en vigueur \u00e0 la date de validation de la commande.<\/p>\n\n\n\n<h4 class=\"wp-block-heading\"><strong>Article 2 &#8211; Prise de\ncommande<\/strong><\/h4>\n\n\n\n<p>Les commandes peuvent \u00eatre uniquement effectu\u00e9es sur le Site <a href=\"https:\/\/naxe.fr\/en\/\">www.naxe.fr<\/a> et via un repr\u00e9sentant l\u00e9gal de Naxe SAS.<\/p>\n\n\n\n<p>Il aura ainsi acc\u00e8s\naux informations et caract\u00e9ristiques essentielles des produits et pourra donc\nchoisir un ou plusieurs produits puis devra se connecter \u00e0 son espace client\navant de pouvoir poursuivre sa commande.<\/p>\n\n\n\n<p>Il devra alors\naccepter les conditions g\u00e9n\u00e9rales de vente.<\/p>\n\n\n\n<p>Ensuite il devra\nv\u00e9rifier les mentions renseign\u00e9es et \u00e9l\u00e9ments de sa commande avant de pouvoir\npayer.<\/p>\n\n\n\n<p>Il est rappel\u00e9 que le\nmodule de commande s\u00e9curis\u00e9 mis en place pour vos commandes de tous nos\nproduits en collaboration avec Paypal permet de garantir techniquement\nl&#8217;authentification et l&#8217;int\u00e9grit\u00e9 du message.<\/p>\n\n\n\n<p>De convention expresse\nentre le client et la soci\u00e9t\u00e9 Naxe, la validation de la confirmation de la\ncommande par le client vaudra signature, consentement irr\u00e9vocable du client et\npreuve du contrat et de la connaissance des prix.<\/p>\n\n\n\n<p>Il est express\u00e9ment\nconvenu entre les parties qu&#8217;un commencement de preuve par \u00e9crit des\nobligations contract\u00e9es pourra \u00eatre apport\u00e9 par les enregistrements\ninformatiques conserv\u00e9s par Naxe. Ce mode de preuve, que le client reconna\u00eet\ncomme valable, est recevable quelle que soit le montant de la commande.<\/p>\n\n\n\n<p>Conform\u00e9ment \u00e0 l&#8217;article L.&nbsp;122-1 du Code de la consommation, la soci\u00e9t\u00e9 Naxe se r\u00e9serve le droit de refuser la Commande si elle est anormale, pass\u00e9e de mauvaise foi ou pour tout autre motif l\u00e9gitime, et en particulier, lorsqu&#8217;il existe un litige avec le Client concernant le paiement d&#8217;une commande ant\u00e9rieure.<\/p>\n\n\n\n<h4 class=\"wp-block-heading\"><strong>Article 3 &#8211; Prix<\/strong><\/h4>\n\n\n\n<p>Les prix sont indiqu\u00e9s\npar r\u00e9f\u00e9rence et en Euros (\u20ac) TTC.<\/p>\n\n\n\n<p>Les prix indiqu\u00e9s\nincluent les taxes mais pas les frais de livraison.<\/p>\n\n\n\n<p>Les frais de\nt\u00e9l\u00e9communication inh\u00e9rents \u00e0 l&#8217;acc\u00e8s au Site restent \u00e0 la charge exclusive du\nClient.<\/p>\n\n\n\n<p>La dur\u00e9e de validit\u00e9\ndes offres et Prix est d\u00e9termin\u00e9e par l&#8217;actualisation du Site.<\/p>\n\n\n\n<p>Les tarifs propos\u00e9s par la soci\u00e9t\u00e9 Naxe sont disponibles sur son site www.naxe.fr et sont communiqu\u00e9s \u00e0 toute personne qui en fait la demande par voie postale ou \u00e9lectronique, selon son choix.<\/p>\n\n\n\n<h4 class=\"wp-block-heading\"><strong>Article 4 &#8211; Paiement<\/strong><\/h4>\n\n\n\n<p>Toutes les commandes de&nbsp;<a href=\"https:\/\/naxe.fr\/en\/\">www.naxe.fr<\/a>&nbsp;sont payables en Euros. Le paiement de la totalit\u00e9 du prix doit \u00eatre r\u00e9alis\u00e9 lors de la commande par l&#8217;Acheteur. A aucun moment, les sommes vers\u00e9es ne pourront \u00eatre consid\u00e9r\u00e9es comme des acomptes.<\/p>\n\n\n\n<p>Pour r\u00e9gler sa\ncommande, l&#8217;Acheteur dispose de l&#8217;ensemble des moyens de paiement vis\u00e9s au sein\ndu bon de commande :<\/p>\n\n\n\n<ul class=\"wp-block-list\">\n<li>Pour la France\u00a0: Paypal, virement, ch\u00e8que bancaire ou postal<\/li>\n\n\n\n<li>Pour  l\u2019\u00e9tranger\u00a0: Paypal ou virement.<\/li>\n<\/ul>\n\n\n\n<p>L&#8217;acheteur garantit \u00e0\nla soci\u00e9t\u00e9 Naxe qu&#8217;il dispose des autorisations \u00e9ventuellement n\u00e9cessaires pour\nutiliser le mode de paiement qu&#8217;il aura choisi, lors de l&#8217;enregistrement du bon\nde commande.<\/p>\n\n\n\n<p>La soci\u00e9t\u00e9 Naxe se\nr\u00e9serve le droit de suspendre ou d&#8217;annuler toute commande et\/ou livraison,\nquels que soient leur nature et niveau d&#8217;ex\u00e9cution, en cas de non-paiement de\ntoute somme qui serait due par l&#8217;Acheteur, ou en cas d&#8217;incident de paiement.<\/p>\n\n\n\n<p>La soci\u00e9t\u00e9 Naxe se r\u00e9serve\nle droit de demander une photocopie de la carte d&#8217;identit\u00e9 de l&#8217;acheteur et\/ou\nd&#8217;un justificatif de domicile pour toute commande.<\/p>\n\n\n\n<p>Dans le cadre de la lutte contre les fraudes sur Internet, les informations relatives \u00e0 votre commande pourront \u00eatre contr\u00f4l\u00e9es pour v\u00e9rification.<\/p>\n\n\n\n<h4 class=\"wp-block-heading\"><strong>Article 5 &#8211; Livraison<\/strong><\/h4>\n\n\n\n<p>Les produits seront\nlivr\u00e9s \u00e0 l&#8217;adresse indiqu\u00e9e par l&#8217;acheteur sur le bon de commande, en France\nm\u00e9tropolitaine. <\/p>\n\n\n\n<p>Pour permettre\nd&#8217;exp\u00e9dier \u00e0 l&#8217;acheteur les produits command\u00e9s, la soci\u00e9t\u00e9 Naxe a choisi de travailler\nen priorit\u00e9 avec les services de LA POSTE en utilisant entre autre le syst\u00e8me\nCOLIPOSTE ou COLISSIMO pour les commandes peu volumineuses ou de faible valeur,\npuis CHRONOPOST pour les machines et commandes de plus grande valeur. Naxe se\nr\u00e9serve le droit d&#8217;opter pour un autre transporteur Si les conditions et\nservices offerts sont comparables ou sup\u00e9rieurs \u00e0 ceux de LA POSTE.<\/p>\n\n\n\n<p>L&#8217;ordre de d\u00e9part est\ndonn\u00e9 par la soci\u00e9t\u00e9 Naxe apr\u00e8s encaissement complet du prix de la commande.<\/p>\n\n\n\n<p>Les commandes pass\u00e9es\navant 12H sont exp\u00e9di\u00e9es le jour m\u00eame sous r\u00e9serve de disponibilit\u00e9. Les\ncommandes pass\u00e9es apr\u00e8s 12h seront exp\u00e9di\u00e9es dans la mesure du possible le jour\nm\u00eame, le lendemain si le temps de pr\u00e9paration manque.<\/p>\n\n\n\n<p>En tout \u00e9tat de cause, et conform\u00e9ment aux dispositions de l&#8217;article L 121.20.3 du Code de la Consommation, nous vous indiquons avant la commande (page de choix des paiements) la date limite \u00e0 laquelle nous nous engageons \u00e0 livrer le produit command\u00e9, sous r\u00e9serve du paiement complet du prix.<\/p>\n\n\n\n<h4 class=\"wp-block-heading\"><strong>Article 6 \u2013 Garantie<\/strong><\/h4>\n\n\n\n<p><strong>Ce qui n&#8217;est pas couvert par cette garantie.<\/strong><\/p>\n\n\n\n<p>Cette garantie n&#8217;est pas transf\u00e9rable et ne couvre pas les dommages esth\u00e9tiques, les dommages dus aux catastrophes naturelles, accident, mauvaise utilisation, abus, n\u00e9gligence, utilisation commerciale ou en raison d&#8217;une mauvaise utilisation, installation, utilisation ou maintenance, la modification du Produit ou d\u2019une partie du produit, la tentative de maintenance par une personne autre qu&#8217;un Centre de service agr\u00e9\u00e9 Naxe, produits non achet\u00e9s aupr\u00e8s d&#8217;un revendeur Naxe agr\u00e9\u00e9, ou produit non conforme aux r\u00e9glementations techniques applicables.<\/p>\n\n\n\n<p>AUTRE QUE LA GARANTIE DECRITE CI-DESSUS, NAXE N&#8217;OFFRE AUCUNE AUTRE GARANTIE OU REPR\u00c9SENTATION ET D\u00c9CLINE PAR LA PR\u00c9SENTE TOUTE GARANTIE IMPLICITE, Y COMPRIS, SANS LIMITATION, LES GARANTIES IMPLICITES DE NON-CONTREFA\u00c7ON, DE QUALIT\u00c9 MARCHANDE ET D&#8217;AD\u00c9QUATION POUR UN USAGE PARTICULIER. L&#8217;ACHETEUR RECONNAIT QU&#8217;IL EST SEUL A D\u00c9TERMIN\u00c9 SI LE PRODUIT R\u00c9PONDRA CORRECTEMENT AUX EXIGENCES DE UTILISATION PR\u00c9VUE PAR L&#8217;ACHETEUR.<\/p>\n\n\n\n<p><strong>Recours de l&#8217;acheteur<\/strong><\/p>\n\n\n\n<p>La seule obligation de NAXE et le seul et unique recours de l&#8217;acheteur sont que Naxe, remplace, tout produit jug\u00e9 d\u00e9fectueux par NAXE. NAXE se r\u00e9serve le droit d&#8217;inspecter tous les produits impliqu\u00e9s dans une demande de garantie. LA REPARATION OU LE REMPLACEMENT FOURNIS EN VERTU DE CETTE GARANTIE EST LE SEULE RECOURS EXCLUSIF DE L\u2019ACHETEUR.<\/p>\n\n\n\n<p><strong>Limitation de responsabilit\u00e9<\/strong><\/p>\n\n\n\n<p>NAXE NE SERA PAS RESPONSABLE DES DOMMAGES SP\u00c9CIAUX, ACCESSOIRES OU CONS\u00c9CUTIFS, DES PERTES DE PRODUCTION OU DES PERTES COMMERCIALES DE QUELQUE MANI\u00c8RE QUE CE SOIT,UNE TELLE R\u00c9CLAMATION EST BAS\u00c9E SUR UN CONTRAT, UNE GARANTIE, UN TORT, UNE N\u00c9GLIGENCE, UNE RESPONSABILIT\u00c9 STRICTE OU TOUTE AUTRE TH\u00c9ORIE DE LA RESPONSABILIT\u00c9, M\u00caME SI NAXE A \u00c9T\u00c9 AVIS\u00c9 SUR LA POSSIBILIT\u00c9 DE TELS D\u00c9G\u00c2TS. De plus, en aucun cas la responsabilit\u00e9 de Naxe ne d\u00e9passera le prix individuel du produit et ce quelqu\u2019en soit la responsabilit\u00e9 revendiqu\u00e9e. Par l&#8217;acte d&#8217;utilisation, de configuration ou l&#8217;assemblage, l&#8217;utilisateur accepte toute responsabilit\u00e9 en r\u00e9sultant.<\/p>\n\n\n\n<p><strong>Loi<\/strong><\/p>\n\n\n\n<p>Ces conditions sont r\u00e9gies par le droit fran\u00e7ais (sans \u00e9gard aux conflits de principes). Cette garantie vous donne un droit l\u00e9gal sp\u00e9cifique, et vous pouvez \u00e9galement avoir d&#8217;autres droits. Naxe se r\u00e9serve le droit de changer ou modifier cette garantie \u00e0 tout moment sans pr\u00e9avis.<\/p>\n\n\n\n<p><strong>Inspection ou services<\/strong><\/p>\n\n\n\n<p>Si ce produit doit \u00eatre inspect\u00e9 ou entretenu et est conforme dans le pays o\u00f9 vous vivez et utilisez le produit, veuillez appeler Naxe. Emballez le produit en toute s\u00e9curit\u00e9 \u00e0 l&#8217;aide d&#8217;un carton ou caisse d&#8217;exp\u00e9dition. Veuillez noter que les bo\u00eetes d&#8217;origine peuvent \u00eatre incluses, mais ne sont pas con\u00e7us pour r\u00e9sister aux rigueurs de l&#8217;exp\u00e9dition sans protection suppl\u00e9mentaire. Exp\u00e9diez via un transporteur qui assure le suivi et l&#8217;assurance des colis perdus ou endommag\u00e9s, car Naxe n&#8217;est pas responsable en cas de perte, vol, dommages apparus lors du transport. Lorsque vous appelez Naxe, il vous sera demand\u00e9 de fournir votre nom complet, votre adresse, votre adresse e-mail et votre num\u00e9ro de t\u00e9l\u00e9phone o\u00f9 vous pouvez \u00eatre contact\u00e9 pendant les heures de travail. Lorsque vous envoyez un produit dans nos locaux, veuillez inclure vos coordonn\u00e9es et une liste des \u00e9l\u00e9ments inclus, et un bref r\u00e9sum\u00e9 du probl\u00e8me. Assurez-vous que votre nom et votre adresse sont clairement \u00e9crits \u00e0 l&#8217;ext\u00e9rieur du carton d&#8217;exp\u00e9dition.<\/p>\n\n\n\n<p><strong>Exigences de garantie<\/strong><\/p>\n\n\n\n<p>Pour la prise en compte de la garantie, vous devez inclure votre facture d&#8217;origine confirmant la date de la preuve d&#8217;achat. Si les conditions de garantie sont remplies, votre produit sera r\u00e9vis\u00e9 ou remplac\u00e9 gratuitement. Les r\u00e9parations ou les d\u00e9cisions de remplacement sont \u00e0 la seule discr\u00e9tion de Naxe.<\/p>\n\n\n\n<p><strong>Service hors garantie<\/strong><\/p>\n\n\n\n<p>Si votre service n&#8217;est pas couvert par la garantie, le service sera termin\u00e9 et le paiement sera exig\u00e9 sans notification ou estimation de la d\u00e9pense, sauf si la d\u00e9pense d\u00e9passe 50% du co\u00fbt d&#8217;achat au d\u00e9tail. En soumettant l&#8217;article pour r\u00e9paration vous acceptez de payer le service sans notification. Les estimations de service sont disponibles sur demande. Vous devez inclure cette demande avec vos articles soumis le service de r\u00e9paration. Pour les r\u00e9parations hors garantie les devis seront factur\u00e9s au minimum \u00bd heure de travail. De plus, vous serez factur\u00e9 pour le fret de retour. Naxe accepte les mandats, les ch\u00e8ques de banque, les cartes de cr\u00e9dit et les paiements PayPal.<\/p>\n\n\n\n<p><strong>Attention&nbsp;:<\/strong> Le service Naxe est limit\u00e9 aux produits conformes dans le pays d&#8217;utilisation et de propri\u00e9t\u00e9. Si re\u00e7u, un produit non conforme ne sera pas r\u00e9par\u00e9. De plus, l&#8217;exp\u00e9diteur sera responsable de l&#8217;organisation du retour du produit non r\u00e9vis\u00e9, par un transporteur au choix de l&#8217;exp\u00e9diteur et aux frais de l&#8217;exp\u00e9diteur. Naxe conservera le produit non conforme pendant une p\u00e9riode de 60 jours \u00e0 compter de la notification, apr\u00e8s quoi il sera mis au rebut.<\/p>\n\n\n\n<h4 class=\"wp-block-heading\"><strong>Article 7 &#8211; Droit de\nR\u00e9tractation<\/strong><\/h4>\n\n\n\n<p>En vertu de l\u2019article\nL121-20-12 du Code de la consommation, l\u2019acheteur dispose d\u2019un d\u00e9lai de\nquatorze jours ouvrables \u00e0 compter de la livraison de leur commande pour\nexercer son droit de r\u00e9tractation et ainsi faire retour du produit au vendeur\npour \u00e9change ou remboursement sans p\u00e9nalit\u00e9, \u00e0 l\u2019exception des frais de retour.<\/p>\n\n\n\n<p>Afin d\u2019appliquer son\ndroit de r\u00e9tractation, l\u2019acheteur fait parvenir une demande par mail \u00e0 l\u2019adresse\n: contact@naxe.fr.<\/p>\n\n\n\n<p>Le retour ou l&#8217;\u00e9change\ndu produit ne pourra \u00eatre accept\u00e9 que pour les produits dans leur ensemble,\nintacts et dans leur \u00e9tat d&#8217;origine, en particulier avec un emballage complet,\nintact et en \u00e9tat de vente.<\/p>\n\n\n\n<p>Le vendeur devra\nrembourser le client de la totalit\u00e9 des sommes vers\u00e9es, y compris les frais de\nlivraison, dans les 30 jours apr\u00e8s r\u00e9ception de ces biens.<\/p>\n\n\n\n<p>Conform\u00e9ment aux dispositions en vigueur, Naxe n\u2019acceptera pas le retour des consommables lorsqu\u2019ils ont \u00e9t\u00e9 descell\u00e9s par le Client. <\/p>\n\n\n\n<h4 class=\"wp-block-heading\"><strong>Article 8 \u2013 Droits de\npropri\u00e9t\u00e9 intellectuelle<\/strong><\/h4>\n\n\n\n<p>L&#8217;ensemble des marques figuratives ou non et plus g\u00e9n\u00e9ralement toutes les autres marques, illustrations, images et logotypes figurant sur les Biens, leurs accessoires et leurs emballages, qu&#8217;ils soient d\u00e9pos\u00e9s ou non, sont et demeureront la propri\u00e9t\u00e9 exclusive du Prestataire. Toute reproduction totale ou partielle, modification ou utilisation de ces marques, illustrations, images et logotypes, pour quelque motif et sur quelque support que ce soit, sans accord expr\u00e8s et pr\u00e9alable du Prestataire, est strictement interdite. Il en est de m\u00eame de toute combinaison ou conjonction avec toute autre marque, symbole, logotype et plus g\u00e9n\u00e9ralement tout signe distinctif destin\u00e9 \u00e0 former un logo composite. Il en est de m\u00eame pour tout droit d&#8217;auteur, dessin, mod\u00e8le et brevet qui sont la propri\u00e9t\u00e9 du Prestataire.<\/p>\n\n\n\n<h4 class=\"wp-block-heading\"><strong>Article 9 \u2013\nConfidentialit\u00e9 des Donn\u00e9es<\/strong><\/h4>\n\n\n\n<p>Les informations\ndemand\u00e9es au Client sont n\u00e9cessaires au traitement de la Commande.<\/p>\n\n\n\n<p>Dans l&#8217;hypoth\u00e8se o\u00f9 le Client consent \u00e0 communiquer des donn\u00e9es individuelles \u00e0 caract\u00e8re personnel, il dispose d&#8217;un droit individuel d&#8217;acc\u00e8s, de retrait et de rectification de ces donn\u00e9es dans les conditions pr\u00e9vues par la&nbsp;loi n\u00b0&nbsp;78-17 du 6&nbsp;janvier 1978&nbsp;relative \u00e0 l&#8217;informatique, aux fichiers et aux libert\u00e9s. Le Client doit adresser toute demande \u00e9crite \u00e0 l&#8217;adresse suivante&nbsp;<a href=\"mailto:contact@naxe.fr\">contact@naxe.fr<\/a>. \u00c0 l&#8217;occasion de la cr\u00e9ation de son compte client sur le Site, le Client aura la possibilit\u00e9 de choisir s&#8217;il souhaite recevoir des offres du Prestataire et de ses partenaires. <\/p>\n\n\n\n<h4 class=\"wp-block-heading\"><strong>Article 10 \u2013 Force\nMajeure<\/strong><\/h4>\n\n\n\n<p>L&#8217;ex\u00e9cution par le vendeur de ses obligations aux termes du pr\u00e9sent Contrat sera suspendue en cas de survenance d&#8217;un cas fortuit ou de force majeure qui en g\u00eanerait ou en retarderait l&#8217;ex\u00e9cution. Le vendeur avisera le Client de la survenance d&#8217;un tel cas fortuit ou de force majeure dans les 10 jours \u00e0 compter de la date de survenance de l&#8217;\u00e9v\u00e9nement. <\/p>\n\n\n\n<h4 class=\"wp-block-heading\"><strong>Article 11 \u2013 Nullit\u00e9\nd\u2019une Clause du Contrat<\/strong><\/h4>\n\n\n\n<p>Si l&#8217;une quelconque des dispositions du pr\u00e9sent Contrat \u00e9tait annul\u00e9e, cette nullit\u00e9 n&#8217;entra\u00eenerait pas la nullit\u00e9 des autres dispositions du Contrat qui demeureront en vigueur entre les Parties.<\/p>\n\n\n\n<h4 class=\"wp-block-heading\"><strong>Article 12 \u2013 Loi\napplicable<\/strong><\/h4>\n\n\n\n<p>Le pr\u00e9sent Contrat\nsera r\u00e9gi par la loi fran\u00e7aise.<\/p>\n\n\n\n<h4 class=\"wp-block-heading\"><strong>Article 13 \u2013 Recours\namiable &#8211; M\u00e9diation<\/strong><\/h4>\n\n\n\n<p>Le Client doit\nadresser ses \u00e9ventuelles r\u00e9clamations aupr\u00e8s de la soci\u00e9t\u00e9 Naxe&nbsp; par voie\npostale ou \u00e9lectronique en rappelant la r\u00e9f\u00e9rence et la date de la commande.<\/p>\n\n\n\n<p>En cas de litige et si\naucun accord pr\u00e9alable n\u2019a pu \u00eatre trouv\u00e9 entre les parties, le Client pourra\nalors saisir un m\u00e9diateur de la consommation.<\/p>\n\n\n\n<p>Dans l\u2019attente de la mise \u00e0 jour de la liste des m\u00e9diateurs par secteur d\u2019activit\u00e9 pour lequel la saisine est facilit\u00e9e via le lien &nbsp;<a href=\"https:\/\/www.economie.gouv.fr\/mediation-conso\/liste-des-mediateurs-references\">www.economie.gouv.fr\/mediation-conso\/des-mediateurs-pour-chaque-litige<\/a>, &nbsp;la soci\u00e9t\u00e9 Naxe propose au Client de saisir un m\u00e9diateur conventionnel.<\/p>","protected":false},"excerpt":{"rendered":"<p>Conditions g\u00e9n\u00e9rales de ventes Naxe offre les services de ventes en ligne selon les conditions d\u00e9crites dans cette section. Vous souhaitez acqu\u00e9rir un bien propos\u00e9 \u00e0 la vente sur le site&nbsp;www.naxe.fr&nbsp;exploit\u00e9 par la soci\u00e9t\u00e9 Naxe, SAS au capital de 10 500 euros dont le si\u00e8ge social est situ\u00e9 2 ZA de Douzil route de Cadalen [&hellip;]<\/p>","protected":false},"author":1,"featured_media":0,"parent":0,"menu_order":0,"comment_status":"closed","ping_status":"closed","template":"","meta":{"site-sidebar-layout":"default","site-content-layout":"default","ast-site-content-layout":"default","site-content-style":"default","site-sidebar-style":"default","ast-global-header-display":"","ast-banner-title-visibility":"","ast-main-header-display":"","ast-hfb-above-header-display":"","ast-hfb-below-header-display":"","ast-hfb-mobile-header-display":"","site-post-title":"","ast-breadcrumbs-content":"","ast-featured-img":"","footer-sml-layout":"","theme-transparent-header-meta":"default","adv-header-id-meta":"","stick-header-meta":"","header-above-stick-meta":"","header-main-stick-meta":"","header-below-stick-meta":"","astra-migrate-meta-layouts":"set","ast-page-background-enabled":"default","ast-page-background-meta":{"desktop":{"background-color":"var(--ast-global-color-4)","background-image":"","background-repeat":"repeat","background-position":"center center","background-size":"auto","background-attachment":"scroll","background-type":"","background-media":"","overlay-type":"","overlay-color":"","overlay-opacity":"","overlay-gradient":""},"tablet":{"background-color":"","background-image":"","background-repeat":"repeat","background-position":"center center","background-size":"auto","background-attachment":"scroll","background-type":"","background-media":"","overlay-type":"","overlay-color":"","overlay-opacity":"","overlay-gradient":""},"mobile":{"background-color":"","background-image":"","background-repeat":"repeat","background-position":"center center","background-size":"auto","background-attachment":"scroll","background-type":"","background-media":"","overlay-type":"","overlay-color":"","overlay-opacity":"","overlay-gradient":""}},"ast-content-background-meta":{"desktop":{"background-color":"var(--ast-global-color-5)","background-image":"","background-repeat":"repeat","background-position":"center center","background-size":"auto","background-attachment":"scroll","background-type":"","background-media":"","overlay-type":"","overlay-color":"","overlay-opacity":"","overlay-gradient":""},"tablet":{"background-color":"var(--ast-global-color-5)","background-image":"","background-repeat":"repeat","background-position":"center center","background-size":"auto","background-attachment":"scroll","background-type":"","background-media":"","overlay-type":"","overlay-color":"","overlay-opacity":"","overlay-gradient":""},"mobile":{"background-color":"var(--ast-global-color-5)","background-image":"","background-repeat":"repeat","background-position":"center center","background-size":"auto","background-attachment":"scroll","background-type":"","background-media":"","overlay-type":"","overlay-color":"","overlay-opacity":"","overlay-gradient":""}},"footnotes":""},"class_list":["post-165","page","type-page","status-publish","hentry"],"_links":{"self":[{"href":"https:\/\/naxe.fr\/en\/wp-json\/wp\/v2\/pages\/165","targetHints":{"allow":["GET"]}}],"collection":[{"href":"https:\/\/naxe.fr\/en\/wp-json\/wp\/v2\/pages"}],"about":[{"href":"https:\/\/naxe.fr\/en\/wp-json\/wp\/v2\/types\/page"}],"author":[{"embeddable":true,"href":"https:\/\/naxe.fr\/en\/wp-json\/wp\/v2\/users\/1"}],"replies":[{"embeddable":true,"href":"https:\/\/naxe.fr\/en\/wp-json\/wp\/v2\/comments?post=165"}],"version-history":[{"count":9,"href":"https:\/\/naxe.fr\/en\/wp-json\/wp\/v2\/pages\/165\/revisions"}],"predecessor-version":[{"id":6219,"href":"https:\/\/naxe.fr\/en\/wp-json\/wp\/v2\/pages\/165\/revisions\/6219"}],"wp:attachment":[{"href":"https:\/\/naxe.fr\/en\/wp-json\/wp\/v2\/media?parent=165"}],"curies":[{"name":"wp","href":"https:\/\/api.w.org\/{rel}","templated":true}]}}